{"id":11,"date":"2026-04-15T22:20:02","date_gmt":"2026-04-15T20:20:02","guid":{"rendered":"https:\/\/clinicaac.es\/?page_id=11"},"modified":"2026-04-16T12:06:47","modified_gmt":"2026-04-16T10:06:47","slug":"elementor-11","status":"publish","type":"page","link":"https:\/\/clinicaac.es\/","title":{"rendered":"Inicio"},"content":{"rendered":"\t\t<div data-elementor-type=\"wp-page\" data-elementor-id=\"11\" class=\"elementor elementor-11\" data-elementor-post-type=\"page\">\n\t\t\t\t<div class=\"elementor-element elementor-element-e54d7d3 e-flex e-con-boxed e-con e-parent\" data-id=\"e54d7d3\" data-element_type=\"container\" data-e-type=\"container\" data-settings=\"{&quot;background_background&quot;:&quot;classic&quot;}\">\n\t\t\t\t\t<div class=\"e-con-inner\">\n\t\t<div class=\"elementor-element elementor-element-71c45ef e-con-full e-flex e-con e-child\" data-id=\"71c45ef\" data-element_type=\"container\" data-e-type=\"container\">\n\t\t\t\t\t\t\t<h1 \n\t\tdata-interaction-id=\"5225a84\" \n\t\tclass=\"e-5225a84-7c0e096 e-heading-base\" \n\t\t \n\t\tdata-e-type=\"widget\" data-id=\"5225a84\"\n\t>\n\t\n\t\t\tMedicina del bienestar integral\n\t\t<\/h1>\n\t\t\t\t\t\t\t\t<p class=\"e-d3520a7-ca909e9 e-paragraph-base\" data-interaction-id=\"d3520a7\"  data-e-type=\"widget\" data-id=\"d3520a7\">\n\t\t\t\t\t\t\t\tUn centro multidisciplinar donde la medicina est\u00e9tica, la salud y el cuidado personal se unen bajo un mismo techo.\n\t\t\t\t\t<\/p>\n\t\t\t\t<div class=\"elementor-element elementor-element-5c8a5dc e-con e-atomic-element e-flexbox-base e-5c8a5dc-eda00ee\" data-id=\"5c8a5dc\" data-element_type=\"e-flexbox\" data-e-type=\"e-flexbox\" data-interaction-id=\"5c8a5dc\" data-e-type=\"e-flexbox\" data-id=\"5c8a5dc\">\n\t\t\t\t\t    \t            <button class=\"e-a12d924-4901ebe e-button-base\" data-interaction-id=\"a12d924\"  data-e-type=\"widget\" data-id=\"a12d924\" >\n            Pedir primera consulta\n        <\/button>\n    \t\t\t\t\t    \t            <button class=\"e-7545865-72666d2 e-button-base\" data-interaction-id=\"7545865\"  data-e-type=\"widget\" data-id=\"7545865\">\n            Ver tratamientos\n        <\/button>\n    \t\t\t\t<\/div>\n\t\t\t\t<\/div>\n\t\t<div class=\"elementor-element elementor-element-46ff56b e-con-full e-flex e-con e-child\" data-id=\"46ff56b\" data-element_type=\"container\" data-e-type=\"container\">\n\t\t\t\t<div class=\"elementor-element elementor-element-7e0bca0 e-con e-atomic-element e-flexbox-base e-7e0bca0-261d089\" data-id=\"7e0bca0\" data-element_type=\"e-flexbox\" data-e-type=\"e-flexbox\" data-interaction-id=\"7e0bca0\" data-e-type=\"e-flexbox\" data-id=\"7e0bca0\">\n\t\t\t\t<div class=\"elementor-element elementor-element-540e44d e-con e-atomic-element e-flexbox-base e-540e44d-742ad7b\" data-id=\"540e44d\" data-element_type=\"e-flexbox\" data-e-type=\"e-flexbox\" data-interaction-id=\"540e44d\" data-e-type=\"e-flexbox\" data-id=\"540e44d\">\n\t\t\t\t\t\t\t<h3 \n\t\tdata-interaction-id=\"51b1ea6\" \n\t\tclass=\"e-51b1ea6-950dfe7 e-heading-base\" \n\t\t \n\t\tdata-e-type=\"widget\" data-id=\"51b1ea6\"\n\t>\n\t\n\t\t\t5+\n\t\t<\/h3>\n\t\t\t\t\t\t\t\t<p class=\"e-479478e-a43b376 e-paragraph-base\" data-interaction-id=\"479478e\"  data-e-type=\"widget\" data-id=\"479478e\">\n\t\t\t\t\t\t\t\tEspecialidades m\u00e9dicas\n\t\t\t\t\t<\/p>\n\t\t\t\t<\/div>\n\t\t\t\t<div class=\"elementor-element elementor-element-a5d2647 e-con e-atomic-element e-flexbox-base e-a5d2647-0e8b3fc\" data-id=\"a5d2647\" data-element_type=\"e-flexbox\" data-e-type=\"e-flexbox\" data-interaction-id=\"a5d2647\" data-e-type=\"e-flexbox\" data-id=\"a5d2647\">\n\t\t\t\t\t\t\t<h3 \n\t\tdata-interaction-id=\"63c06a0\" \n\t\tclass=\"e-63c06a0-ebbb308 e-heading-base\" \n\t\t \n\t\tdata-e-type=\"widget\" data-id=\"63c06a0\"\n\t>\n\t\n\t\t\t100%\n\t\t<\/h3>\n\t\t\t\t\t\t\t\t<p class=\"e-17d0612-648cef1 e-paragraph-base\" data-interaction-id=\"17d0612\"  data-e-type=\"widget\" data-id=\"17d0612\">\n\t\t\t\t\t\t\t\tAtenci\u00f3n personalizada\n\t\t\t\t\t<\/p>\n\t\t\t\t<\/div>\n\t\t\t\t<div class=\"elementor-element elementor-element-a3e669c e-con e-atomic-element e-flexbox-base e-a3e669c-4f82698\" data-id=\"a3e669c\" data-element_type=\"e-flexbox\" data-e-type=\"e-flexbox\" data-interaction-id=\"a3e669c\" data-e-type=\"e-flexbox\" data-id=\"a3e669c\">\n\t\t\t\t\t\t\t<h3 \n\t\tdata-interaction-id=\"6555a42\" \n\t\tclass=\"e-6555a42-c29f59e e-heading-base\" \n\t\t \n\t\tdata-e-type=\"widget\" data-id=\"6555a42\"\n\t>\n\t\n\t\t\tNuevo\n\t\t<\/h3>\n\t\t\t\t\t\t\t\t<p class=\"e-78776c8-fb392b1 e-paragraph-base\" data-interaction-id=\"78776c8\"  data-e-type=\"widget\" data-id=\"78776c8\">\n\t\t\t\t\t\t\t\tCentro en 2026\n\t\t\t\t\t<\/p>\n\t\t\t\t<\/div>\n\t\t\t\t<\/div>\n\t\t\t\t<\/div>\n\t\t\t\t\t<\/div>\n\t\t\t\t<\/div>\n\t\t<div class=\"elementor-element elementor-element-f29e66a e-flex e-con-boxed e-con e-parent\" data-id=\"f29e66a\" data-element_type=\"container\" data-e-type=\"container\">\n\t\t\t\t\t<div class=\"e-con-inner\">\n\t\t\t\t\t\t\t<h2 \n\t\tdata-interaction-id=\"9055fb3\" \n\t\tclass=\"e-9055fb3-f42fc85 e-heading-base\" \n\t\t \n\t\tdata-e-type=\"widget\" data-id=\"9055fb3\"\n\t>\n\t\n\t\t\tTodo lo que necesitas en un s\u00f3lo lugar\n\t\t<\/h2>\n\t\t\t\t\t\t\t\t<p class=\"e-paragraph-base\" data-interaction-id=\"fcee2a5\"  data-e-type=\"widget\" data-id=\"fcee2a5\">\n\t\t\t\t\t\t\t\tEscribe aqu\u00ed tu p\u00e1rrafo\n\t\t\t\t\t<\/p>\n\t\t\t\t\t<\/div>\n\t\t\t\t<\/div>\n\t\t\t\t<\/div>\n\t\t","protected":false},"excerpt":{"rendered":"<p>Medicina del bienestar integral Un centro multidisciplinar donde la medicina est\u00e9tica, la salud y el cuidado personal se unen bajo un mismo techo. Pedir primera consulta Ver tratamientos 5+ Especialidades m\u00e9dicas 100% Atenci\u00f3n personalizada Nuevo Centro en 2026 Todo lo que necesitas en un s\u00f3lo lugar Escribe aqu\u00ed tu p\u00e1rrafo<\/p>\n","protected":false},"author":1,"featured_media":0,"parent":0,"menu_order":0,"comment_status":"closed","ping_status":"closed","template":"","meta":{"footnotes":""},"class_list":["post-11","page","type-page","status-publish","hentry"],"_links":{"self":[{"href":"https:\/\/clinicaac.es\/index.php\/wp-json\/wp\/v2\/pages\/11","targetHints":{"allow":["GET"]}}],"collection":[{"href":"https:\/\/clinicaac.es\/index.php\/wp-json\/wp\/v2\/pages"}],"about":[{"href":"https:\/\/clinicaac.es\/index.php\/wp-json\/wp\/v2\/types\/page"}],"author":[{"embeddable":true,"href":"https:\/\/clinicaac.es\/index.php\/wp-json\/wp\/v2\/users\/1"}],"replies":[{"embeddable":true,"href":"https:\/\/clinicaac.es\/index.php\/wp-json\/wp\/v2\/comments?post=11"}],"version-history":[{"count":18,"href":"https:\/\/clinicaac.es\/index.php\/wp-json\/wp\/v2\/pages\/11\/revisions"}],"predecessor-version":[{"id":40,"href":"https:\/\/clinicaac.es\/index.php\/wp-json\/wp\/v2\/pages\/11\/revisions\/40"}],"wp:attachment":[{"href":"https:\/\/clinicaac.es\/index.php\/wp-json\/wp\/v2\/media?parent=11"}],"curies":[{"name":"wp","href":"https:\/\/api.w.org\/{rel}","templated":true}]}}